{"id":287,"date":"2017-10-31T12:16:11","date_gmt":"2017-10-31T11:16:11","guid":{"rendered":"http:\/\/www.helmondseschroothandel.nl\/?page_id=287"},"modified":"2018-05-25T10:38:11","modified_gmt":"2018-05-25T08:38:11","slug":"standorte","status":"publish","type":"page","link":"https:\/\/www.helmondseschroothandel.nl\/de\/standorte\/","title":{"rendered":"Standorte"},"content":{"rendered":"<p>Wir schlagen hiermit den Helmondse Schroothandel oder kurz HSH vor. Wir sind stolz auf unser Unternehmen, das in Metallrecycling t\u00e4tig ist und Niederlassungen in Helmond und Waalwijk hat.<\/p>\n<p>Mit der dritten Generation an der Spitze ist die HSH von einem lokalen Sammler und K\u00e4ufer von Altmetall zu einem f\u00fchrenden Unternehmen auf dem Markt f\u00fcr ausgereifte Metallrecycling gewachsen und in den Niederlanden, Belgien und Deutschland aktiv. Einerseits werden Stahlschrott und NE-Metalle, die bei Abbrucharbeiten freigesetzt werden, und Industrieunternehmen mit eigenen Logistikger\u00e4ten abgeholt.<br \/>\nAuf der anderen Seite wird viel Material von Privatpersonen, H\u00e4ndlern, kleinen und mittleren Unternehmen sowie Bau und Industrie an unsere Werften geliefert. Beide Standorte sind mit den modernsten Ressourcen ausgestattet, die f\u00fcr die Sammlung, Verarbeitung und Entsorgung von zertifizierten Produkten ben\u00f6tigt werden, und beide Standorte sind auch nach den neuesten europ\u00e4ischen Richtlinien im Bereich Umwelt und Umwelt ausgestattet.<\/p>\n<p>Mit marktbasierten B\u00f6rsenpreisen garantiert die Helmondse Schroothandel BV einen hohen Preis. F\u00fcr weitere Informationen kontaktieren Sie uns bitte.<\/p>\n","protected":false},"excerpt":{"rendered":"<p>Wir schlagen hiermit den Helmondse Schroothandel oder kurz HSH vor. Wir sind stolz auf unser Unternehmen, das in Metallrecycling t\u00e4tig ist und Niederlassungen in Helmond und Waalwijk hat.<\/p>\n<p>Mit der dritten Generation an der Spitze ist die HSH von einem lokalen Sammler und K\u00e4ufer von Altmetall zu einem f\u00fchrenden Unternehmen auf dem Markt f\u00fcr ausgereifte Metallrecycling gewachsen und in den Niederlanden,<\/p>\n","protected":false},"author":1,"featured_media":668,"parent":0,"menu_order":6,"comment_status":"closed","ping_status":"closed","template":"","meta":{"footnotes":""},"class_list":["post-287","page","type-page","status-publish","has-post-thumbnail","hentry"],"acf":[],"_links":{"self":[{"href":"https:\/\/www.helmondseschroothandel.nl\/de\/wp-json\/wp\/v2\/pages\/287","targetHints":{"allow":["GET"]}}],"collection":[{"href":"https:\/\/www.helmondseschroothandel.nl\/de\/wp-json\/wp\/v2\/pages"}],"about":[{"href":"https:\/\/www.helmondseschroothandel.nl\/de\/wp-json\/wp\/v2\/types\/page"}],"author":[{"embeddable":true,"href":"https:\/\/www.helmondseschroothandel.nl\/de\/wp-json\/wp\/v2\/users\/1"}],"replies":[{"embeddable":true,"href":"https:\/\/www.helmondseschroothandel.nl\/de\/wp-json\/wp\/v2\/comments?post=287"}],"version-history":[{"count":5,"href":"https:\/\/www.helmondseschroothandel.nl\/de\/wp-json\/wp\/v2\/pages\/287\/revisions"}],"predecessor-version":[{"id":748,"href":"https:\/\/www.helmondseschroothandel.nl\/de\/wp-json\/wp\/v2\/pages\/287\/revisions\/748"}],"wp:featuredmedia":[{"embeddable":true,"href":"https:\/\/www.helmondseschroothandel.nl\/de\/wp-json\/wp\/v2\/media\/668"}],"wp:attachment":[{"href":"https:\/\/www.helmondseschroothandel.nl\/de\/wp-json\/wp\/v2\/media?parent=287"}],"curies":[{"name":"wp","href":"https:\/\/api.w.org\/{rel}","templated":true}]}}