{"id":303,"date":"2017-10-31T12:16:35","date_gmt":"2017-10-31T11:16:35","guid":{"rendered":"http:\/\/www.helmondseschroothandel.nl\/containerservice\/"},"modified":"2018-05-25T10:38:12","modified_gmt":"2018-05-25T08:38:12","slug":"containerservice","status":"publish","type":"page","link":"https:\/\/www.helmondseschroothandel.nl\/de\/containerservice\/","title":{"rendered":"Containerservice"},"content":{"rendered":"<p>24 Stunden Containerservice<\/p>\n<p>Helmondse Schroothandel BV bietet seinen Kunden den sogenannten Altmetall-Containerservice an: das Aufstellen von alten Metallbeh\u00e4ltern f\u00fcr die Sammlung von alten Eisen- und Altmetallresten auf Ihrem (Gewerbe-) Gel\u00e4nde und deren Sammlung. Das Sortiment in alten Metallbeh\u00e4ltern ist sehr umfangreich. Je nach Bedarf liefern wir alte Metallcontainer von 1 bis 40 Kubikmeter, Flat Racks und sogar fl\u00fcssigkeitsdichte alte Metallboxen.<\/p>\n","protected":false},"excerpt":{"rendered":"<p>24 Stunden Containerservice<\/p>\n<p>Helmondse Schroothandel BV bietet seinen Kunden den sogenannten Altmetall-Containerservice an: das Aufstellen von alten Metallbeh\u00e4ltern f\u00fcr die Sammlung von alten Eisen- und Altmetallresten auf Ihrem (Gewerbe-) Gel\u00e4nde und deren Sammlung. Das Sortiment in alten Metallbeh\u00e4ltern ist sehr umfangreich. Je nach Bedarf liefern wir alte Metallcontainer von 1 bis 40 Kubikmeter,<\/p>\n","protected":false},"author":1,"featured_media":1387,"parent":0,"menu_order":11,"comment_status":"closed","ping_status":"closed","template":"","meta":{"footnotes":""},"class_list":["post-303","page","type-page","status-publish","has-post-thumbnail","hentry"],"acf":[],"_links":{"self":[{"href":"https:\/\/www.helmondseschroothandel.nl\/de\/wp-json\/wp\/v2\/pages\/303","targetHints":{"allow":["GET"]}}],"collection":[{"href":"https:\/\/www.helmondseschroothandel.nl\/de\/wp-json\/wp\/v2\/pages"}],"about":[{"href":"https:\/\/www.helmondseschroothandel.nl\/de\/wp-json\/wp\/v2\/types\/page"}],"author":[{"embeddable":true,"href":"https:\/\/www.helmondseschroothandel.nl\/de\/wp-json\/wp\/v2\/users\/1"}],"replies":[{"embeddable":true,"href":"https:\/\/www.helmondseschroothandel.nl\/de\/wp-json\/wp\/v2\/comments?post=303"}],"version-history":[{"count":6,"href":"https:\/\/www.helmondseschroothandel.nl\/de\/wp-json\/wp\/v2\/pages\/303\/revisions"}],"predecessor-version":[{"id":637,"href":"https:\/\/www.helmondseschroothandel.nl\/de\/wp-json\/wp\/v2\/pages\/303\/revisions\/637"}],"wp:featuredmedia":[{"embeddable":true,"href":"https:\/\/www.helmondseschroothandel.nl\/de\/wp-json\/wp\/v2\/media\/1387"}],"wp:attachment":[{"href":"https:\/\/www.helmondseschroothandel.nl\/de\/wp-json\/wp\/v2\/media?parent=303"}],"curies":[{"name":"wp","href":"https:\/\/api.w.org\/{rel}","templated":true}]}}