{"id":331,"date":"2017-10-31T12:16:58","date_gmt":"2017-10-31T11:16:58","guid":{"rendered":"http:\/\/www.helmondseschroothandel.nl\/?page_id=331"},"modified":"2018-05-25T10:38:12","modified_gmt":"2018-05-25T08:38:12","slug":"zertifikate","status":"publish","type":"page","link":"https:\/\/www.helmondseschroothandel.nl\/de\/zertifikate\/","title":{"rendered":"Zertifikate"},"content":{"rendered":"<p>Die Helmondse Schroothandel BV erf\u00fcllt alle rechtlichen Vorschriften und verf\u00fcgt \u00fcber alle erforderlichen Genehmigungen, sodass sie Ihnen als zuverl\u00e4ssiger Partner bei der Entsorgung Ihres Schrotts und Ihrer NE-Metalle zur Seite stehen kann.<\/p>\n<p>Die Helmondse Schroothandel BV ist seit November 2007 an die Metaal Recycling Federatie (MRF) in Den Haag, Niederlande, angeschlossen. Dieser Verband schreibt seinen Mitgliedern einen Verhaltenskodex vor, der von uns befolgt wird. Eine externe Instanz kontrolliert j\u00e4hrlich, ob die zertifizierten Unternehmen die Anforderungen der Metaal Recycling Federatie erf\u00fcllen. Das bedeutet, dass Service, Umwelt, Arbeitsschutz und Genehmigungen bei uns Priorit\u00e4t haben. Dies gew\u00e4hrleisten unsere MRF-Zertifizierung und die Erw\u00e4hnung auf der NIWO-Liste (NB503731VIHX).<\/p>\n","protected":false},"excerpt":{"rendered":"<p>Die Helmondse Schroothandel BV erf\u00fcllt alle rechtlichen Vorschriften und verf\u00fcgt \u00fcber alle erforderlichen Genehmigungen, sodass sie Ihnen als zuverl\u00e4ssiger Partner bei der Entsorgung Ihres Schrotts und Ihrer NE-Metalle zur Seite stehen kann.<\/p>\n<p>Die Helmondse Schroothandel BV ist seit November 2007 an die Metaal Recycling Federatie (MRF) in Den Haag,<\/p>\n","protected":false},"author":1,"featured_media":1348,"parent":0,"menu_order":13,"comment_status":"closed","ping_status":"closed","template":"","meta":{"footnotes":""},"class_list":["post-331","page","type-page","status-publish","has-post-thumbnail","hentry"],"acf":[],"_links":{"self":[{"href":"https:\/\/www.helmondseschroothandel.nl\/de\/wp-json\/wp\/v2\/pages\/331","targetHints":{"allow":["GET"]}}],"collection":[{"href":"https:\/\/www.helmondseschroothandel.nl\/de\/wp-json\/wp\/v2\/pages"}],"about":[{"href":"https:\/\/www.helmondseschroothandel.nl\/de\/wp-json\/wp\/v2\/types\/page"}],"author":[{"embeddable":true,"href":"https:\/\/www.helmondseschroothandel.nl\/de\/wp-json\/wp\/v2\/users\/1"}],"replies":[{"embeddable":true,"href":"https:\/\/www.helmondseschroothandel.nl\/de\/wp-json\/wp\/v2\/comments?post=331"}],"version-history":[{"count":2,"href":"https:\/\/www.helmondseschroothandel.nl\/de\/wp-json\/wp\/v2\/pages\/331\/revisions"}],"predecessor-version":[{"id":481,"href":"https:\/\/www.helmondseschroothandel.nl\/de\/wp-json\/wp\/v2\/pages\/331\/revisions\/481"}],"wp:featuredmedia":[{"embeddable":true,"href":"https:\/\/www.helmondseschroothandel.nl\/de\/wp-json\/wp\/v2\/media\/1348"}],"wp:attachment":[{"href":"https:\/\/www.helmondseschroothandel.nl\/de\/wp-json\/wp\/v2\/media?parent=331"}],"curies":[{"name":"wp","href":"https:\/\/api.w.org\/{rel}","templated":true}]}}