{"id":590,"date":"2017-10-31T12:16:27","date_gmt":"2017-10-31T11:16:27","guid":{"rendered":"http:\/\/www.helmondseschroothandel.nl\/?page_id=590"},"modified":"2018-05-25T10:38:11","modified_gmt":"2018-05-25T08:38:11","slug":"materialien","status":"publish","type":"page","link":"https:\/\/www.helmondseschroothandel.nl\/de\/materialien\/","title":{"rendered":"Materialien"},"content":{"rendered":"<p>Einerseits werden Stahlschrott und Buntmetalle, die bei Abrissarbeiten und Industriebetrieben freigesetzt werden, gesammelt.<\/p>\n<p>Auf der anderen Seite wird viel Material von Privatpersonen, H\u00e4ndlern, kleinen und mittleren Unternehmen sowie Bau und Industrie an unsere Werften geliefert. Unsere beiden Standorte sind mit den modernsten Ressourcen ausgestattet, die f\u00fcr die Sammlung, Verarbeitung und Entsorgung von zertifizierten Produkten ben\u00f6tigt werden, und beide Standorte sind auch nach den neuesten europ\u00e4ischen Richtlinien im Bereich Umwelt und Umwelt ausgestattet.<\/p>\n<p>Mit marktbasierten B\u00f6rsenpreisen garantiert die Helmondse Schroothandel BV einen hohen Preis. F\u00fcr weitere Informationen kontaktieren Sie uns bitte.<\/p>\n","protected":false},"excerpt":{"rendered":"<p>Einerseits werden Stahlschrott und Buntmetalle, die bei Abrissarbeiten und Industriebetrieben freigesetzt werden, gesammelt.<\/p>\n<p>Auf der anderen Seite wird viel Material von Privatpersonen, H\u00e4ndlern, kleinen und mittleren Unternehmen sowie Bau und Industrie an unsere Werften geliefert. Unsere beiden Standorte sind mit den modernsten Ressourcen ausgestattet, die f\u00fcr die Sammlung,<\/p>\n","protected":false},"author":1,"featured_media":1302,"parent":0,"menu_order":7,"comment_status":"closed","ping_status":"closed","template":"","meta":{"footnotes":""},"class_list":["post-590","page","type-page","status-publish","has-post-thumbnail","hentry"],"acf":[],"_links":{"self":[{"href":"https:\/\/www.helmondseschroothandel.nl\/de\/wp-json\/wp\/v2\/pages\/590","targetHints":{"allow":["GET"]}}],"collection":[{"href":"https:\/\/www.helmondseschroothandel.nl\/de\/wp-json\/wp\/v2\/pages"}],"about":[{"href":"https:\/\/www.helmondseschroothandel.nl\/de\/wp-json\/wp\/v2\/types\/page"}],"author":[{"embeddable":true,"href":"https:\/\/www.helmondseschroothandel.nl\/de\/wp-json\/wp\/v2\/users\/1"}],"replies":[{"embeddable":true,"href":"https:\/\/www.helmondseschroothandel.nl\/de\/wp-json\/wp\/v2\/comments?post=590"}],"version-history":[{"count":1,"href":"https:\/\/www.helmondseschroothandel.nl\/de\/wp-json\/wp\/v2\/pages\/590\/revisions"}],"predecessor-version":[{"id":591,"href":"https:\/\/www.helmondseschroothandel.nl\/de\/wp-json\/wp\/v2\/pages\/590\/revisions\/591"}],"wp:featuredmedia":[{"embeddable":true,"href":"https:\/\/www.helmondseschroothandel.nl\/de\/wp-json\/wp\/v2\/media\/1302"}],"wp:attachment":[{"href":"https:\/\/www.helmondseschroothandel.nl\/de\/wp-json\/wp\/v2\/media?parent=590"}],"curies":[{"name":"wp","href":"https:\/\/api.w.org\/{rel}","templated":true}]}}