{"id":705,"date":"2017-10-22T09:16:46","date_gmt":"2017-10-22T07:16:46","guid":{"rendered":"http:\/\/www.helmondseschroothandel.nl\/home\/"},"modified":"2018-05-25T10:38:11","modified_gmt":"2018-05-25T08:38:11","slug":"home","status":"publish","type":"page","link":"https:\/\/www.helmondseschroothandel.nl\/de\/","title":{"rendered":"Willkommen bei die Helmondse Schroothandel"},"content":{"rendered":"<p>Die Helmondse Schroothandel BV kauft und verkauft Abf\u00e4lle wie Eisen, Schrott, Aluminium, Kupfer, Blei, Zink, Akkus und Kabel. Wir sind auf die Verarbeitung, Sortierung und Trennung dieser eisenhaltigen und nicht eisenhaltigen Metalle spezialisiert.<\/p>\n<p>Sowohl Privatleute, H\u00e4ndler, KMU sowie Bau- und Industrieunternehmen z\u00e4hlen zu unserem Kundenkreis. Mit markt- und b\u00f6rsenorientierten Preisen garantiert die Helmondse Schroothandel BV einen hohen Preis. F\u00fcr weitere Informationen k\u00f6nnen Sie gerne Kontakt mit uns aufnehmen.<\/p>\n","protected":false},"excerpt":{"rendered":"<p>Die Helmondse Schroothandel BV kauft und verkauft Abf\u00e4lle wie Eisen, Schrott, Aluminium, Kupfer, Blei, Zink, Akkus und Kabel. Wir sind auf die Verarbeitung, Sortierung und Trennung dieser eisenhaltigen und nicht eisenhaltigen Metalle spezialisiert.<\/p>\n<p>Sowohl Privatleute, H\u00e4ndler, KMU sowie Bau- und Industrieunternehmen z\u00e4hlen zu unserem Kundenkreis. Mit markt- und b\u00f6rsenorientierten Preisen garantiert die Helmondse Schroothandel BV einen hohen Preis.<\/p>\n","protected":false},"author":1,"featured_media":668,"parent":0,"menu_order":2,"comment_status":"closed","ping_status":"open","template":"page-templates\/homepage.php","meta":{"footnotes":""},"class_list":["post-705","page","type-page","status-publish","has-post-thumbnail","hentry"],"acf":[],"_links":{"self":[{"href":"https:\/\/www.helmondseschroothandel.nl\/de\/wp-json\/wp\/v2\/pages\/705","targetHints":{"allow":["GET"]}}],"collection":[{"href":"https:\/\/www.helmondseschroothandel.nl\/de\/wp-json\/wp\/v2\/pages"}],"about":[{"href":"https:\/\/www.helmondseschroothandel.nl\/de\/wp-json\/wp\/v2\/types\/page"}],"author":[{"embeddable":true,"href":"https:\/\/www.helmondseschroothandel.nl\/de\/wp-json\/wp\/v2\/users\/1"}],"replies":[{"embeddable":true,"href":"https:\/\/www.helmondseschroothandel.nl\/de\/wp-json\/wp\/v2\/comments?post=705"}],"version-history":[{"count":7,"href":"https:\/\/www.helmondseschroothandel.nl\/de\/wp-json\/wp\/v2\/pages\/705\/revisions"}],"predecessor-version":[{"id":743,"href":"https:\/\/www.helmondseschroothandel.nl\/de\/wp-json\/wp\/v2\/pages\/705\/revisions\/743"}],"wp:featuredmedia":[{"embeddable":true,"href":"https:\/\/www.helmondseschroothandel.nl\/de\/wp-json\/wp\/v2\/media\/668"}],"wp:attachment":[{"href":"https:\/\/www.helmondseschroothandel.nl\/de\/wp-json\/wp\/v2\/media?parent=705"}],"curies":[{"name":"wp","href":"https:\/\/api.w.org\/{rel}","templated":true}]}}